{"id":258,"date":"2018-01-22T10:17:40","date_gmt":"2018-01-22T14:17:40","guid":{"rendered":"http:\/\/ayuntamiento.o\/transparencia\/?page_id=258"},"modified":"2025-06-04T12:33:47","modified_gmt":"2025-06-04T16:33:47","slug":"responsable-de-acceso-a-la-informacion","status":"publish","type":"page","link":"https:\/\/distritomunicipallacanela.gob.do\/transparencia\/responsable-de-acceso-a-la-informacion\/","title":{"rendered":"Responsable de Acceso a la Informaci\u00f3n"},"content":{"rendered":"<h3>Contacto Responsable de Acceso a la Informaci\u00f3n<\/h3>\n<p>\u00a0<\/p>\n<h3 style=\"text-align: left\"><span style=\"color: #0000ff\"><strong>YANIBEL ALEXANDRA ESPINAL BATISTA<\/strong><\/span><\/h3>\n<h3><span class=\"has-inline-color\"><img loading=\"lazy\" class=\"alignnone wp-image-2185 size-medium\" src=\"http:\/\/distritomunicipallacanela.gob.do\/transparencia\/wp-content\/uploads\/2025\/06\/WhatsApp-Image-2025-05-26-at-8.27.18-AM-250x188.jpeg\" alt=\"\" width=\"250\" height=\"188\" srcset=\"https:\/\/distritomunicipallacanela.gob.do\/transparencia\/wp-content\/uploads\/2025\/06\/WhatsApp-Image-2025-05-26-at-8.27.18-AM-250x188.jpeg 250w, https:\/\/distritomunicipallacanela.gob.do\/transparencia\/wp-content\/uploads\/2025\/06\/WhatsApp-Image-2025-05-26-at-8.27.18-AM-700x525.jpeg 700w, https:\/\/distritomunicipallacanela.gob.do\/transparencia\/wp-content\/uploads\/2025\/06\/WhatsApp-Image-2025-05-26-at-8.27.18-AM-768x576.jpeg 768w, https:\/\/distritomunicipallacanela.gob.do\/transparencia\/wp-content\/uploads\/2025\/06\/WhatsApp-Image-2025-05-26-at-8.27.18-AM-120x90.jpeg 120w, https:\/\/distritomunicipallacanela.gob.do\/transparencia\/wp-content\/uploads\/2025\/06\/WhatsApp-Image-2025-05-26-at-8.27.18-AM.jpeg 1280w\" sizes=\"(max-width: 250px) 100vw, 250px\" \/><br \/>Responsable de Acceso a la Informaci\u00f3n Municipal (RAIM)<br \/><strong>Tel\u00e9fono<\/strong>: 809-336-0007<br \/><strong>Extensi\u00f3n:<\/strong> 101<br \/><strong>Correo electr\u00f3nico: <span style=\"color: #0000ff\"><a style=\"color: #0000ff\" href=\"mailto:ayuntamientolacanela1997@gmail.com\">ayuntamientolacanela1997@gmail.com<\/a><\/span><\/strong><br \/><strong>Direcci\u00f3n:<\/strong> Carretera Cibao Noroeste, avenida Antonio Guzm\u00e1n Fern\u00e1ndez #78, La Canela, Santiago de los Caballeros, R.D<\/span><\/h3>\n<p class=\"paragraph ng-attr-widget\">\u00a0<\/p>\n\n","protected":false},"excerpt":{"rendered":"Contacto Responsable de Acceso a la Informaci\u00f3n \u00a0 YANIBEL ALEXANDRA ESPINAL BATISTA Responsable de Acceso a la Informaci\u00f3n Municipal (RAIM)Tel\u00e9fono: 809-336-0007Extensi\u00f3n: 101Correo electr\u00f3nico: ayuntamientolacanela1997@gmail.comDirecci\u00f3n: Carretera Cibao Noroeste, avenida Antonio Guzm\u00e1n Fern\u00e1ndez #78, La Canela, Santiago de los Caballeros, R.D \u00a0","protected":false},"author":6,"featured_media":567,"parent":0,"menu_order":0,"comment_status":"closed","ping_status":"closed","template":"","meta":[],"acf":[],"_links":{"self":[{"href":"https:\/\/distritomunicipallacanela.gob.do\/transparencia\/wp-json\/wp\/v2\/pages\/258"}],"collection":[{"href":"https:\/\/distritomunicipallacanela.gob.do\/transparencia\/wp-json\/wp\/v2\/pages"}],"about":[{"href":"https:\/\/distritomunicipallacanela.gob.do\/transparencia\/wp-json\/wp\/v2\/types\/page"}],"author":[{"embeddable":true,"href":"https:\/\/distritomunicipallacanela.gob.do\/transparencia\/wp-json\/wp\/v2\/users\/6"}],"replies":[{"embeddable":true,"href":"https:\/\/distritomunicipallacanela.gob.do\/transparencia\/wp-json\/wp\/v2\/comments?post=258"}],"version-history":[{"count":17,"href":"https:\/\/distritomunicipallacanela.gob.do\/transparencia\/wp-json\/wp\/v2\/pages\/258\/revisions"}],"predecessor-version":[{"id":2186,"href":"https:\/\/distritomunicipallacanela.gob.do\/transparencia\/wp-json\/wp\/v2\/pages\/258\/revisions\/2186"}],"wp:featuredmedia":[{"embeddable":true,"href":"https:\/\/distritomunicipallacanela.gob.do\/transparencia\/wp-json\/wp\/v2\/media\/567"}],"wp:attachment":[{"href":"https:\/\/distritomunicipallacanela.gob.do\/transparencia\/wp-json\/wp\/v2\/media?parent=258"}],"curies":[{"name":"wp","href":"https:\/\/api.w.org\/{rel}","templated":true}]}}