{"id":339,"date":"2018-01-22T15:11:07","date_gmt":"2018-01-22T19:11:07","guid":{"rendered":"http:\/\/ayuntamiento.o\/transparencia\/?page_id=339"},"modified":"2022-12-14T09:37:18","modified_gmt":"2022-12-14T13:37:18","slug":"como-ser-proveedor","status":"publish","type":"page","link":"https:\/\/distritomunicipallacanela.gob.do\/transparencia\/como-ser-proveedor\/","title":{"rendered":"\u00bfC\u00f3mo ser proveedor?"},"content":{"rendered":"\n<h3>Los proveedores interesados en ofrecer bienes y servicios  al Ayuntamiento de La Canela deben cumplir con los siguientes requisitos:<\/h3>\n\n\n\n<ul><li>Contar con el Registro de Proveedores del Estado (RPE), seg\u00fan lo establecido en el portal&nbsp;<a href=\"https:\/\/www.dgcp.gob.do\/servicios\/registro-de-proveedores\/\" target=\"_blank\" rel=\"noreferrer noopener\">https:\/\/www.dgcp.gob.do\/servicios\/registro-de-proveedores\/<\/a>.<\/li><li>Estar al d\u00eda en el pago de sus obligaciones fiscales.<\/li><li>Depositar en el Departamento de Compras* un Portafolio de Negocios que incluya:<ul><li>Descripci\u00f3n de la empresa<\/li><li>Bienes y servicios ofrecidos<\/li><li>Servicios de valor a\u00f1adido<\/li><li>Experiencia en el mercado<\/li><li>Referencias comerciales<\/li><li>T\u00e9rminos de pago<\/li><li>T\u00e9rminos de entrega<\/li><\/ul><\/li><li>Participar de los procesos de las compras y contrataciones publicados a trav\u00e9s de este portal y la Direcci\u00f3n General de Contrataciones P\u00fablicas&nbsp;<a href=\"https:\/\/www.dgcp.gob.do\/servicios\/registro-de-proveedores\/\" target=\"_blank\" rel=\"noreferrer noopener\">https:\/\/www.dgcp.gob.do\/servicios\/registro-de-proveedores\/<\/a>&nbsp;y en el portal de nuestra organizaci\u00f3n gubernamental en la secci\u00f3n de transparencia.<\/li><\/ul>\n","protected":false},"excerpt":{"rendered":"Los proveedores interesados en ofrecer bienes y servicios al Ayuntamiento de La Canela deben cumplir con los siguientes requisitos: Contar con el Registro de Proveedores del Estado (RPE), seg\u00fan lo establecido en el portal&nbsp;https:\/\/www.dgcp.gob.do\/servicios\/registro-de-proveedores\/. Estar al d\u00eda en el pago de sus obligaciones fiscales. Depositar en el Departamento de Compras* un Portafolio de Negocios que&#8230;","protected":false},"author":6,"featured_media":0,"parent":0,"menu_order":0,"comment_status":"closed","ping_status":"closed","template":"","meta":[],"acf":[],"_links":{"self":[{"href":"https:\/\/distritomunicipallacanela.gob.do\/transparencia\/wp-json\/wp\/v2\/pages\/339"}],"collection":[{"href":"https:\/\/distritomunicipallacanela.gob.do\/transparencia\/wp-json\/wp\/v2\/pages"}],"about":[{"href":"https:\/\/distritomunicipallacanela.gob.do\/transparencia\/wp-json\/wp\/v2\/types\/page"}],"author":[{"embeddable":true,"href":"https:\/\/distritomunicipallacanela.gob.do\/transparencia\/wp-json\/wp\/v2\/users\/6"}],"replies":[{"embeddable":true,"href":"https:\/\/distritomunicipallacanela.gob.do\/transparencia\/wp-json\/wp\/v2\/comments?post=339"}],"version-history":[{"count":5,"href":"https:\/\/distritomunicipallacanela.gob.do\/transparencia\/wp-json\/wp\/v2\/pages\/339\/revisions"}],"predecessor-version":[{"id":1285,"href":"https:\/\/distritomunicipallacanela.gob.do\/transparencia\/wp-json\/wp\/v2\/pages\/339\/revisions\/1285"}],"wp:attachment":[{"href":"https:\/\/distritomunicipallacanela.gob.do\/transparencia\/wp-json\/wp\/v2\/media?parent=339"}],"curies":[{"name":"wp","href":"https:\/\/api.w.org\/{rel}","templated":true}]}}